{"id":50,"date":"2015-04-03T12:22:56","date_gmt":"2015-04-03T12:22:56","guid":{"rendered":"http:\/\/rajdmaczka.pl\/?page_id=50"},"modified":"2024-02-28T23:34:40","modified_gmt":"2024-02-28T23:34:40","slug":"iv-ty-rajd-082014","status":"publish","type":"page","link":"https:\/\/rajdmaczka.pl\/?page_id=50","title":{"rendered":"IV-ty Rajd  &#8211;  2014"},"content":{"rendered":"\n<p>Nasze rajdy odbywaj\u0105 si\u0119 zwykle w drugiej po\u0142owie sierpnia ze wzgl\u0119du na uroczysto\u015bci upami\u0119tniaj\u0105ce domkni\u0119cie kot\u0142a Falaise i kluczow\u0105 rol\u0119 polskiej dywizji w tej operacji. IV rajd by\u0142 wyj\u0105tkowo liczny. By\u0142o nas ok 40 os\u00f3b. Odwiedzili\u015bmy dw\u00f3ch weteran\u00f3w w ich domach co najbardziej chyba utkwi\u0142o w pami\u0119ci. Mieli\u015bmy okazj\u0119 zwiedzi\u0107 polsk\u0105 ambasad\u0119 w Pary\u017cu. Dzi\u0119ki naszemu koledze dr Jerzemu Kirszakowi (IPN &#8211; Wroc\u0142aw) poznali\u015bmy p. Piotra Sosnkowskiego najm\u0142odszego syna gen. Kazimierza Sosnkowskiego &#8211; Wodza Naczelnego Polskich Si\u0142 Zbrojnych w latach 1943-1944. Ze wzgl\u0119du na okr\u0105g\u0142\u0105 rocznic\u0119 uroczysto\u015bci w Normandii zgromadzi\u0142y wielu naszych przyjaci\u00f3\u0142 ze \u015brodowisk zwi\u0105zanych z 1 Polsk\u0105 Dywizj\u0105 Pancern\u0105. Byli m.in. harcerze polscy z Poznania i Pary\u017ca, stowarzyszenia pami\u0119ci, pancerniacy z Polski a przede wszystkim kilku naszych weteran\u00f3w mocno po 90-tce. Zach\u0119cam do obejrzenia materia\u0142u nakr\u0119conego przez realizator\u00f3w TV Trwam (link w galerii), kt\u00f3rzy przez wiele dni towarzyszyli nam w podr\u00f3\u017cy. Nie spos\u00f3b opisa\u0107 wszystkich niezwyk\u0142ych moment\u00f3w jakich do\u015bwiadczyli\u015bmy. <\/p>\n\n\n<p><img decoding=\"async\" loading=\"lazy\" class=\"alignnone  wp-image-108\" src=\"http:\/\/rajdmaczka.pl\/wp-content\/uploads\/2015\/04\/MKA_2418b-300x175.jpg\" alt=\"MKA_2418b\" width=\"578\" height=\"337\" srcset=\"https:\/\/rajdmaczka.pl\/wp-content\/uploads\/2015\/04\/MKA_2418b-300x175.jpg 300w, https:\/\/rajdmaczka.pl\/wp-content\/uploads\/2015\/04\/MKA_2418b-1024x596.jpg 1024w, https:\/\/rajdmaczka.pl\/wp-content\/uploads\/2015\/04\/MKA_2418b-624x363.jpg 624w, https:\/\/rajdmaczka.pl\/wp-content\/uploads\/2015\/04\/MKA_2418b.jpg 1200w\" sizes=\"(max-width: 578px) 100vw, 578px\" \/><\/p>\n<p>Z wizyt\u0105 w domu u naszego Weterana &#8230;\u00a0 \u015a.P. Sylwester Bardzi\u0144ski opowiada\u0142 nam swoje czo\u0142gowe historie IV RM 2014<\/p>","protected":false},"excerpt":{"rendered":"<p>Nasze rajdy odbywaj\u0105 si\u0119 zwykle w drugiej po\u0142owie sierpnia ze wzgl\u0119du na uroczysto\u015bci upami\u0119tniaj\u0105ce domkni\u0119cie kot\u0142a Falaise i kluczow\u0105 rol\u0119 [&hellip;]<\/p>\n","protected":false},"author":1,"featured_media":0,"parent":2,"menu_order":4,"comment_status":"closed","ping_status":"open","template":"","meta":[],"_links":{"self":[{"href":"https:\/\/rajdmaczka.pl\/index.php?rest_route=\/wp\/v2\/pages\/50"}],"collection":[{"href":"https:\/\/rajdmaczka.pl\/index.php?rest_route=\/wp\/v2\/pages"}],"about":[{"href":"https:\/\/rajdmaczka.pl\/index.php?rest_route=\/wp\/v2\/types\/page"}],"author":[{"embeddable":true,"href":"https:\/\/rajdmaczka.pl\/index.php?rest_route=\/wp\/v2\/users\/1"}],"replies":[{"embeddable":true,"href":"https:\/\/rajdmaczka.pl\/index.php?rest_route=%2Fwp%2Fv2%2Fcomments&post=50"}],"version-history":[{"count":4,"href":"https:\/\/rajdmaczka.pl\/index.php?rest_route=\/wp\/v2\/pages\/50\/revisions"}],"predecessor-version":[{"id":151,"href":"https:\/\/rajdmaczka.pl\/index.php?rest_route=\/wp\/v2\/pages\/50\/revisions\/151"}],"up":[{"embeddable":true,"href":"https:\/\/rajdmaczka.pl\/index.php?rest_route=\/wp\/v2\/pages\/2"}],"wp:attachment":[{"href":"https:\/\/rajdmaczka.pl\/index.php?rest_route=%2Fwp%2Fv2%2Fmedia&parent=50"}],"curies":[{"name":"wp","href":"https:\/\/api.w.org\/{rel}","templated":true}]}}