{"id":2,"date":"2015-04-02T18:43:26","date_gmt":"2015-04-02T18:43:26","guid":{"rendered":"http:\/\/rajdmaczka.pl\/?page_id=2"},"modified":"2023-03-30T17:56:33","modified_gmt":"2023-03-30T17:56:33","slug":"sample-page","status":"publish","type":"page","link":"https:\/\/rajdmaczka.pl\/","title":{"rendered":"Rajdy &#8222;Sladami G\u0105sienic Pierwszej Pancernej&#8221;"},"content":{"rendered":"<p>Rajdy przez nas organizowane maj\u0105 charakter patriotyczno edukacyjny. Podr\u00f3\u017ce motocyklowe maj\u0105 sw\u00f3j niepowtarzalny koloryt. Przy pomocy stalowych rumak\u00f3w mamy okazj\u0119 dociera\u0107 wsz\u0119dzie tam gdzie imi\u0119 Polska brzmia\u0142o i\u00a0po dzi\u015b dzie\u0144\u00a0brzmi\u00a0dumnie. Chcemy w ten spos\u00f3b do\u0142o\u017cy\u0107 kamyczek do wielkiej pracy pozostawionej nam przez naszych przodk\u00f3w &#8211; budowy wolnej, niepodleg\u0142ej i suwerennej Rzeczypospolitej, kt\u00f3ra zawsze jest i b\u0119dzie nasz\u0105 matk\u0105. Najwy\u017cszymi warto\u015bciami niechaj zawsze\u00a0dla nas wszystkich pozostan\u0105\u00a0:\u00a0 <em>B\u00f3g, Honor, Ojczyzna<\/em>.<\/p>\n<p style=\"text-align: center;\"><span style=\"color: #ff0000;\"><em><strong>VII\u00a0 rajd odby\u0142 si\u0119 w sierpniu 2022 roku<\/strong><\/em><\/span><\/p>\n<p style=\"text-align: center;\">Chcesz pojecha\u0107 z nami na szlaki zwi\u0105zne z polsk\u0105 histori\u0105 to napisz klika s\u0142\u00f3w na mareknowakmotorrad(ma\u0142pa)gmail.com<\/p>\n<p style=\"text-align: center;\">Jeste\u015bmy zawsze na ka\u017cdym Zlocie Gwia\u017adzistym im ks Zdzis\u0142awa Peszkowskiego na Jasnej G\u00f3rze. Poznasz nas po charakterystycznym logo na plecach &#8222;Stowarzyszenie Motocyklist\u00f3w PATRIA&#8221;<\/p>\n<p style=\"text-align: center;\"><a href=\"http:\/\/rajdmaczka.pl\/wp-content\/uploads\/2015\/04\/logo-nk2.jpg\"><img decoding=\"async\" loading=\"lazy\" class=\"alignnone size-medium wp-image-7\" src=\"http:\/\/rajdmaczka.pl\/wp-content\/uploads\/2015\/04\/logo-nk2-300x300.jpg\" alt=\"\" width=\"300\" height=\"300\" srcset=\"https:\/\/rajdmaczka.pl\/wp-content\/uploads\/2015\/04\/logo-nk2.jpg 300w, https:\/\/rajdmaczka.pl\/wp-content\/uploads\/2015\/04\/logo-nk2-150x150.jpg 150w, https:\/\/rajdmaczka.pl\/wp-content\/uploads\/2015\/04\/logo-nk2-90x90.jpg 90w, https:\/\/rajdmaczka.pl\/wp-content\/uploads\/2015\/04\/logo-nk2-130x130.jpg 130w\" sizes=\"(max-width: 300px) 100vw, 300px\" \/><\/a><\/p>\n","protected":false},"excerpt":{"rendered":"<p>Rajdy przez nas organizowane maj\u0105 charakter patriotyczno edukacyjny. Podr\u00f3\u017ce motocyklowe maj\u0105 sw\u00f3j niepowtarzalny koloryt. Przy pomocy stalowych rumak\u00f3w mamy okazj\u0119 [&hellip;]<\/p>\n","protected":false},"author":1,"featured_media":0,"parent":0,"menu_order":0,"comment_status":"open","ping_status":"open","template":"","meta":[],"_links":{"self":[{"href":"https:\/\/rajdmaczka.pl\/index.php?rest_route=\/wp\/v2\/pages\/2"}],"collection":[{"href":"https:\/\/rajdmaczka.pl\/index.php?rest_route=\/wp\/v2\/pages"}],"about":[{"href":"https:\/\/rajdmaczka.pl\/index.php?rest_route=\/wp\/v2\/types\/page"}],"author":[{"embeddable":true,"href":"https:\/\/rajdmaczka.pl\/index.php?rest_route=\/wp\/v2\/users\/1"}],"replies":[{"embeddable":true,"href":"https:\/\/rajdmaczka.pl\/index.php?rest_route=%2Fwp%2Fv2%2Fcomments&post=2"}],"version-history":[{"count":16,"href":"https:\/\/rajdmaczka.pl\/index.php?rest_route=\/wp\/v2\/pages\/2\/revisions"}],"predecessor-version":[{"id":137,"href":"https:\/\/rajdmaczka.pl\/index.php?rest_route=\/wp\/v2\/pages\/2\/revisions\/137"}],"wp:attachment":[{"href":"https:\/\/rajdmaczka.pl\/index.php?rest_route=%2Fwp%2Fv2%2Fmedia&parent=2"}],"curies":[{"name":"wp","href":"https:\/\/api.w.org\/{rel}","templated":true}]}}